{"id":52,"date":"2013-03-01T14:10:37","date_gmt":"2013-03-01T14:10:37","guid":{"rendered":"http:\/\/irismedia.se\/slagsta\/?page_id=2"},"modified":"2020-11-25T17:48:50","modified_gmt":"2020-11-25T16:48:50","slug":"sample-page","status":"publish","type":"page","link":"https:\/\/irismedia.se\/slagsta\/","title":{"rendered":"V\u00e4lkommen till Slagsta h\u00e4llristning"},"content":{"rendered":"<p><script type=\"text\/javascript\">\/\/ <![CDATA[\n  var _gaq = _gaq || [];<br \/>\n  _gaq.push(['_setAccount', 'UA-45543512-1']);<br \/>\n  _gaq.push(['_trackPageview']);<\/p>\n\n\n\n\n<p>  (function() {<br \/>\n    var ga = document.createElement('script'); ga.type = 'text\/javascript'; ga.async = true;<br \/>\n    ga.src = ('https:' == document.location.protocol ? 'https:\/\/ssl' : 'http:\/\/www') + '.google-analytics.com\/ga.js';<br \/>\n    var s = document.getElementsByTagName('script')[0]; s.parentNode.insertBefore(ga, s);<br \/>\n  })();<br \/>\n\/\/ ]]><\/script><br \/>\nSlagsta brons\u00e5ldersristning \u00e4r den st\u00f6rsta i sitt slag i Stockholms l\u00e4n. Slagstaristningen kan knytas till den riksk\u00e4nda Hallundaboplatsen och har ett mycket stort v\u00e4rde b\u00e5de ur vetenskaplig och pedagogisk synpunkt.<\/p>\n<p><img decoding=\"async\" src=\"http:\/\/irismedia.se\/slagsta\/wp-content\/uploads\/sites\/9\/2013\/03\/slagsta-montage.gif\" alt=\"\" \/><\/p>\n<p>H\u00e4llen uppt\u00e4cktes 1971 och l\u00e5g d\u00e5 mitt i en redan utstakad ny v\u00e4gstr\u00e4ckning. V\u00e4gmyndigheterna, som var v\u00e4lvilligt inst\u00e4llda, \u00e4ndrade v\u00e4gstr\u00e4ckningen s\u00e5 att h\u00e4llen fick vara kvar.<\/p>\n<p>Slagstaristningen \u00e4r troligen fr\u00e5n yngre brons\u00e5ldern. Vid denna tid fanns en havsvik bara ca 250 meter h\u00e4rifr\u00e5n mot s\u00f6der. Ungef\u00e4r en och en halv kilometer mot v\u00e4ster ligger Hallundaboplatsen och det \u00e4r troligt att de bronsgjutare, handelsm\u00e4n och b\u00f6nder, som bodde d\u00e4r, d\u00e5 och d\u00e5 bes\u00f6kte ristningsplatsen vid Slagsta i samband med religi\u00f6sa kulthandlingar.<\/p>\n<p>P\u00e5 h\u00e4llen finns 17 skepp, en m\u00e4nniskofigur, 3 djurfigurer, en fotsula, 2 3 obest\u00e4mbara figurer samt 170 \u00e4lvkvarnar. Tv\u00e5 av djuren f\u00f6rest\u00e4ller troligen h\u00e4star och den tredje kan ha en hornkrona p\u00e5 huvudet. M\u00e4nniskan har l\u00e5nga ben och en liten kort kropp.<\/p>\n<p>\u00c4lvkvarnar, eller s.k sk\u00e5lgropar, \u00e4r sm\u00e5 knackade gropar i bergh\u00e4llen. S\u00e5 sent som fr\u00e5n 1800 talet finns uppgifter om att man sm\u00f6rjt \u00e4lvkvarnar och lagt pengar i dem. Deras ursprungliga syfte har troligen varit kultiskt.<\/p>\n<p><em><strong>Lyssna, och l\u00e5t dig f\u00f6rflyttas till en annan tid&#8230;<\/strong><\/em><\/p>\n<table border=\"0\" width=\"600\">\n<tbody>\n<tr>\n<td>\n<h1><strong>BER\u00c4TTELSER<\/strong><\/h1>\n<\/td>\n<td>\n<h1><strong>BER\u00c4TTELSER OCH SYNTOLKNING<\/strong><\/h1>\n<\/td>\n<\/tr>\n<tr>\n<td>\n<h4>1. Slagsta h\u00e4llristning<\/h4>\n<p><!--[if lt IE 9]><script>document.createElement('audio');<\/script><![endif]-->\n<audio class=\"wp-audio-shortcode\" id=\"audio-52-1\" preload=\"none\" style=\"width: 100%;\" controls=\"controls\"><source type=\"audio\/mpeg\" src=\"https:\/\/irismedia.se\/slagsta\/wp-content\/uploads\/sites\/9\/2020\/11\/iris-1-audio-guides-CZgKb3GYY7LsYyeQqq9JH62wORx.mp3?_=1\" \/><a href=\"https:\/\/irismedia.se\/slagsta\/wp-content\/uploads\/sites\/9\/2020\/11\/iris-1-audio-guides-CZgKb3GYY7LsYyeQqq9JH62wORx.mp3\">https:\/\/irismedia.se\/slagsta\/wp-content\/uploads\/sites\/9\/2020\/11\/iris-1-audio-guides-CZgKb3GYY7LsYyeQqq9JH62wORx.mp3<\/a><\/audio><\/td>\n<td>\n<h4>1. V\u00e4lkommen till Slagsta<\/h4>\n<p><audio class=\"wp-audio-shortcode\" id=\"audio-52-2\" preload=\"none\" style=\"width: 100%;\" controls=\"controls\"><source type=\"audio\/mpeg\" src=\"https:\/\/irismedia.se\/slagsta\/wp-content\/uploads\/sites\/9\/2020\/11\/iris-1-audio-guides-VQ0kBqXfSQWnsS89Bavd2gWBUf1.mp3?_=2\" \/><a href=\"https:\/\/irismedia.se\/slagsta\/wp-content\/uploads\/sites\/9\/2020\/11\/iris-1-audio-guides-VQ0kBqXfSQWnsS89Bavd2gWBUf1.mp3\">https:\/\/irismedia.se\/slagsta\/wp-content\/uploads\/sites\/9\/2020\/11\/iris-1-audio-guides-VQ0kBqXfSQWnsS89Bavd2gWBUf1.mp3<\/a><\/audio><\/td>\n<\/tr>\n<tr>\n<td><\/td>\n<td>\n<h4>2. Slagsta h\u00e4llristning<\/h4>\n<p><audio class=\"wp-audio-shortcode\" id=\"audio-52-3\" preload=\"none\" style=\"width: 100%;\" controls=\"controls\"><source type=\"audio\/mpeg\" src=\"https:\/\/irismedia.se\/slagsta\/wp-content\/uploads\/sites\/9\/2020\/11\/iris-1-audio-guides-OYrw1xmlwEsLIvhJ0vc6louaJJl.mp3?_=3\" \/><a href=\"https:\/\/irismedia.se\/slagsta\/wp-content\/uploads\/sites\/9\/2020\/11\/iris-1-audio-guides-OYrw1xmlwEsLIvhJ0vc6louaJJl.mp3\">https:\/\/irismedia.se\/slagsta\/wp-content\/uploads\/sites\/9\/2020\/11\/iris-1-audio-guides-OYrw1xmlwEsLIvhJ0vc6louaJJl.mp3<\/a><\/audio><\/td>\n<\/tr>\n<tr>\n<td><\/td>\n<td>\n<h4>3. Syntolkning<\/h4>\n<p><audio class=\"wp-audio-shortcode\" id=\"audio-52-4\" preload=\"none\" style=\"width: 100%;\" controls=\"controls\"><source type=\"audio\/mpeg\" src=\"https:\/\/irismedia.se\/slagsta\/wp-content\/uploads\/sites\/9\/2020\/11\/iris-1-audio-guides-UmTgXFaCcFnBd5be5tDC9RLHr6D.mp3?_=4\" \/><a href=\"https:\/\/irismedia.se\/slagsta\/wp-content\/uploads\/sites\/9\/2020\/11\/iris-1-audio-guides-UmTgXFaCcFnBd5be5tDC9RLHr6D.mp3\">https:\/\/irismedia.se\/slagsta\/wp-content\/uploads\/sites\/9\/2020\/11\/iris-1-audio-guides-UmTgXFaCcFnBd5be5tDC9RLHr6D.mp3<\/a><\/audio><\/td>\n<\/tr>\n<\/tbody>\n<\/table>\n","protected":false},"excerpt":{"rendered":"<p>Slagsta brons\u00e5ldersristning \u00e4r den st\u00f6rsta i sitt slag i Stockholms l\u00e4n. Slagstaristningen kan knytas till den riksk\u00e4nda Hallundaboplatsen och har ett mycket stort v\u00e4rde b\u00e5de ur vetenskaplig och pedagogisk synpunkt. H\u00e4llen uppt\u00e4cktes 1971 och l\u00e5g d\u00e5 mitt i en redan &hellip; <a href=\"https:\/\/irismedia.se\/slagsta\/\">L\u00e4s mer <span class=\"meta-nav\">&rarr;<\/span><\/a><\/p>\n","protected":false},"author":1,"featured_media":0,"parent":0,"menu_order":0,"comment_status":"closed","ping_status":"closed","template":"sidebar-page.php","meta":[],"_links":{"self":[{"href":"https:\/\/irismedia.se\/slagsta\/wp-json\/wp\/v2\/pages\/52"}],"collection":[{"href":"https:\/\/irismedia.se\/slagsta\/wp-json\/wp\/v2\/pages"}],"about":[{"href":"https:\/\/irismedia.se\/slagsta\/wp-json\/wp\/v2\/types\/page"}],"author":[{"embeddable":true,"href":"https:\/\/irismedia.se\/slagsta\/wp-json\/wp\/v2\/users\/1"}],"replies":[{"embeddable":true,"href":"https:\/\/irismedia.se\/slagsta\/wp-json\/wp\/v2\/comments?post=52"}],"version-history":[{"count":8,"href":"https:\/\/irismedia.se\/slagsta\/wp-json\/wp\/v2\/pages\/52\/revisions"}],"predecessor-version":[{"id":94,"href":"https:\/\/irismedia.se\/slagsta\/wp-json\/wp\/v2\/pages\/52\/revisions\/94"}],"wp:attachment":[{"href":"https:\/\/irismedia.se\/slagsta\/wp-json\/wp\/v2\/media?parent=52"}],"curies":[{"name":"wp","href":"https:\/\/api.w.org\/{rel}","templated":true}]}}