{"id":12,"date":"2013-05-22T09:58:06","date_gmt":"2013-05-22T09:58:06","guid":{"rendered":"http:\/\/irismedia.se\/salem\/?page_id=12"},"modified":"2018-06-29T11:20:46","modified_gmt":"2018-06-29T09:20:46","slug":"senaste-numret","status":"publish","type":"page","link":"https:\/\/irismedia.se\/salem\/","title":{"rendered":"Senaste numret"},"content":{"rendered":"<div>Nu kan du lyssna p\u00e5 senaste numret av Salems kommuns egen ljud- och taltidning. H\u00e4r finns information och nyheter fr\u00e5n kommunen samt evenemangstips.<\/div>\n<div><\/div>\n<div>Vill du prenumerera p\u00e5 tidningen som daisy-skiva? Skicka ett mail till <a href=\"mailto:linnea.edstrom@salem.se\" target=\"_blank\" rel=\"noopener\">linnea.edstrom@salem.se<\/a><\/div>\n<p><a style=\"-moz-border-bottom-colors: none; -moz-border-left-colors: none; -moz-border-right-colors: none; -moz-border-top-colors: none; background-color: #f5f5f5; background-image: linear-gradient(to bottom, #FFFFFF, #E6E6E6); background-repeat: repeat-x; border-color: rgba(0, 0, 0, 0.1) rgba(0, 0, 0, 0.1) #B3B3B3; border-radius: 4px 4px 4px 4px; border-style: solid; border-width: 1px; box-shadow: 0 1px 0 rgba(255, 255, 255, 0.2) inset, 0 1px 2px rgba(0, 0, 0, 0.05); color: #333333; cursor: pointer; display: inline-block; font-size: 14px; line-height: 20px; margin-bottom: 0; padding: 4px 12px; text-align: center; text-shadow: 0 1px 1px rgba(255, 255, 255, 0.75); vertical-align: middle;\" href=\"http:\/\/irismedia.se\/salem\/wp-content\/uploads\/sites\/19\/2018\/06\/PTOSalem_06_2018_mp3.zip\">Ladda ner P\u00e5 tal om Salem till din Daisy-spelare<\/a><br \/>\n<iframe loading=\"lazy\" width=\"100%\" height=\"450\" scrolling=\"no\" frameborder=\"no\" allow=\"autoplay\" src=\"https:\/\/w.soundcloud.com\/player\/?url=https%3A\/\/api.soundcloud.com\/playlists\/550916868&#038;color=%23d50b3b&#038;auto_play=false&#038;hide_related=false&#038;show_comments=true&#038;show_user=true&#038;show_reposts=false&#038;show_teaser=true\"><\/iframe><\/p>\n","protected":false},"excerpt":{"rendered":"<p>Nu kan du lyssna p\u00e5 senaste numret av Salems kommuns egen ljud- och taltidning. H\u00e4r finns information och nyheter fr\u00e5n kommunen samt evenemangstips. Vill du prenumerera p\u00e5 tidningen som daisy-skiva? Skicka ett mail till linnea.edstrom@salem.se Ladda ner P\u00e5 tal om &hellip; <a href=\"https:\/\/irismedia.se\/salem\/\">Continue reading <span class=\"meta-nav\">&rarr;<\/span><\/a><\/p>\n","protected":false},"author":2,"featured_media":0,"parent":0,"menu_order":0,"comment_status":"closed","ping_status":"closed","template":"onecolumn-page.php","meta":[],"_links":{"self":[{"href":"https:\/\/irismedia.se\/salem\/wp-json\/wp\/v2\/pages\/12"}],"collection":[{"href":"https:\/\/irismedia.se\/salem\/wp-json\/wp\/v2\/pages"}],"about":[{"href":"https:\/\/irismedia.se\/salem\/wp-json\/wp\/v2\/types\/page"}],"author":[{"embeddable":true,"href":"https:\/\/irismedia.se\/salem\/wp-json\/wp\/v2\/users\/2"}],"replies":[{"embeddable":true,"href":"https:\/\/irismedia.se\/salem\/wp-json\/wp\/v2\/comments?post=12"}],"version-history":[{"count":80,"href":"https:\/\/irismedia.se\/salem\/wp-json\/wp\/v2\/pages\/12\/revisions"}],"predecessor-version":[{"id":297,"href":"https:\/\/irismedia.se\/salem\/wp-json\/wp\/v2\/pages\/12\/revisions\/297"}],"wp:attachment":[{"href":"https:\/\/irismedia.se\/salem\/wp-json\/wp\/v2\/media?parent=12"}],"curies":[{"name":"wp","href":"https:\/\/api.w.org\/{rel}","templated":true}]}}