{"id":5,"date":"2014-03-05T11:48:23","date_gmt":"2014-03-05T10:48:23","guid":{"rendered":"http:\/\/irismedia.se\/landskapetshistoria\/home\/"},"modified":"2022-12-19T22:33:14","modified_gmt":"2022-12-19T21:33:14","slug":"spannande-berattelser-fran-stockholms-narhet","status":"publish","type":"page","link":"https:\/\/irismedia.se\/landskapetshistoria\/","title":{"rendered":"Sp\u00e4nnande ber\u00e4ttelser fr\u00e5n Stockholms n\u00e4rhet \u2013\u00a0i din egen mobiltelefon"},"content":{"rendered":"<section class=\"wysiwyg-block\"  style=\"background-color: #dddddd\"  data-block_2dec479799bec8f020ef87ed1471e9f7>\n  <div class=\"content-wrapper\" >\n    <h2>Sp\u00e4nnande ber\u00e4ttelser fr\u00e5n Stockholms n\u00e4rhet \u2013 i din egen mobiltelefon<\/h2>\n<p>Projektet Tillg\u00e4ngligt landskap \u00e5t alla g\u00f6r det l\u00e4tt att bes\u00f6ka, uppt\u00e4cka och njuta av kulturhistoriskt sp\u00e4nnande platser i Stockholms l\u00e4n. Med ljudguider som du kan lyssna p\u00e5 direkt i din mobiltelefon blir upplevelsen b\u00e5de bekv\u00e4m och stark. Alla ljudguiderna \u00e4r anpassade f\u00f6r synsvaga och g\u00e5r att ladda ner till din MP3-spelare. Platserna g\u00e5r att bes\u00f6ka med rullstol och barnvagn och de flesta har b\u00e5de toalett- och fikam\u00f6jligheter.<\/p>\n<p class=\"image\"><img decoding=\"async\" loading=\"lazy\" class=\"alignnone size-full wp-image-39 content-image\" src=\"https:\/\/irismedia.se\/landskapetshistoria\/wp-content\/uploads\/sites\/24\/2014\/03\/qr-till-ljudguide.png\" alt=\"\" width=\"287\" height=\"91\" \/><\/p>\n\n  <\/div>\n<\/section>\n","protected":false},"excerpt":{"rendered":"","protected":false},"author":1,"featured_media":0,"parent":0,"menu_order":-1,"comment_status":"open","ping_status":"open","template":"","meta":[],"acf":[],"_links":{"self":[{"href":"https:\/\/irismedia.se\/landskapetshistoria\/wp-json\/wp\/v2\/pages\/5"}],"collection":[{"href":"https:\/\/irismedia.se\/landskapetshistoria\/wp-json\/wp\/v2\/pages"}],"about":[{"href":"https:\/\/irismedia.se\/landskapetshistoria\/wp-json\/wp\/v2\/types\/page"}],"author":[{"embeddable":true,"href":"https:\/\/irismedia.se\/landskapetshistoria\/wp-json\/wp\/v2\/users\/1"}],"replies":[{"embeddable":true,"href":"https:\/\/irismedia.se\/landskapetshistoria\/wp-json\/wp\/v2\/comments?post=5"}],"version-history":[{"count":16,"href":"https:\/\/irismedia.se\/landskapetshistoria\/wp-json\/wp\/v2\/pages\/5\/revisions"}],"predecessor-version":[{"id":134,"href":"https:\/\/irismedia.se\/landskapetshistoria\/wp-json\/wp\/v2\/pages\/5\/revisions\/134"}],"wp:attachment":[{"href":"https:\/\/irismedia.se\/landskapetshistoria\/wp-json\/wp\/v2\/media?parent=5"}],"curies":[{"name":"wp","href":"https:\/\/api.w.org\/{rel}","templated":true}]}}