{"id":14,"date":"2014-03-05T11:58:55","date_gmt":"2014-03-05T10:58:55","guid":{"rendered":"http:\/\/irismedia.se\/landskapetshistoria\/?page_id=14"},"modified":"2022-12-19T22:04:15","modified_gmt":"2022-12-19T21:04:15","slug":"om-projektet","status":"publish","type":"page","link":"https:\/\/irismedia.se\/landskapetshistoria\/om-projektet\/","title":{"rendered":"Om projektet"},"content":{"rendered":"<section class=\"wysiwyg-block\"  style=\"background-color: #dddddd\"  data-block_354be4bc3707ee7d505dfefdc8d62ea6>\n  <div class=\"content-wrapper\" >\n    <h2>Om projektet<\/h2>\n<p>Projektet Tillg\u00e4ngligt landskap \u00e5t alla drivs som ett samarbetsprojekt mellan Stockholms l\u00e4ns museum, Sveriges Hembygdsf\u00f6rbund samt bes\u00f6ksplatsernas hembygdsf\u00f6reningar och kommuner.<\/p>\n<p>Projektet syftar till att synligg\u00f6ra intressanta platser runt Stockholm och ber\u00e4tta platsernas historia p\u00e5 ett levande s\u00e4tt. M\u00e4nniskor p\u00e5 plats, verkliga eller fiktiva, f\u00e5r h\u00e4r ber\u00e4tta sin historia. Genom v\u00e4l genomarbetade v\u00e4gbeskrivningar till respektive plats \u00e4r det meningen att\u00a0alla\u00a0ska k\u00e4nna att det \u00e4r l\u00e4tt att bes\u00f6ka platsen. Att uppleva historien p\u00e5 plats ger n\u00e5got extra.<\/p>\n<p>Projektet finansieras genom medel fr\u00e5n L\u00e4nsstyrelsen i Stockholm, Stockholms l\u00e4ns museum, Sveriges Hembygdsf\u00f6rbund samt respektive kommuner och hembygdsf\u00f6reningar genom eget arbete.<\/p>\n<p>Iris Medias Magnus Johansson har producerat ljudguiderna fr\u00e5n manus till slutprodukt.<\/p>\n\n  <\/div>\n<\/section>\n","protected":false},"excerpt":{"rendered":"","protected":false},"author":1,"featured_media":0,"parent":0,"menu_order":0,"comment_status":"open","ping_status":"open","template":"","meta":[],"acf":[],"_links":{"self":[{"href":"https:\/\/irismedia.se\/landskapetshistoria\/wp-json\/wp\/v2\/pages\/14"}],"collection":[{"href":"https:\/\/irismedia.se\/landskapetshistoria\/wp-json\/wp\/v2\/pages"}],"about":[{"href":"https:\/\/irismedia.se\/landskapetshistoria\/wp-json\/wp\/v2\/types\/page"}],"author":[{"embeddable":true,"href":"https:\/\/irismedia.se\/landskapetshistoria\/wp-json\/wp\/v2\/users\/1"}],"replies":[{"embeddable":true,"href":"https:\/\/irismedia.se\/landskapetshistoria\/wp-json\/wp\/v2\/comments?post=14"}],"version-history":[{"count":4,"href":"https:\/\/irismedia.se\/landskapetshistoria\/wp-json\/wp\/v2\/pages\/14\/revisions"}],"predecessor-version":[{"id":131,"href":"https:\/\/irismedia.se\/landskapetshistoria\/wp-json\/wp\/v2\/pages\/14\/revisions\/131"}],"wp:attachment":[{"href":"https:\/\/irismedia.se\/landskapetshistoria\/wp-json\/wp\/v2\/media?parent=14"}],"curies":[{"name":"wp","href":"https:\/\/api.w.org\/{rel}","templated":true}]}}