{"id":12,"date":"2014-03-05T11:55:41","date_gmt":"2014-03-05T10:55:41","guid":{"rendered":"http:\/\/irismedia.se\/landskapetshistoria\/?page_id=12"},"modified":"2022-12-19T22:04:38","modified_gmt":"2022-12-19T21:04:38","slug":"kontakta-oss","status":"publish","type":"page","link":"https:\/\/irismedia.se\/landskapetshistoria\/kontakta-oss\/","title":{"rendered":"Kontakta oss"},"content":{"rendered":"<section class=\"wysiwyg-block\"  style=\"background-color: #dddddd\"  data-block_d495fab06e5029a246c3ec8316e9f300>\n  <div class=\"content-wrapper\" >\n    <h2>Kontakta oss<\/h2>\n<p>Den h\u00e4r sidan, &#8221;Tillg\u00e4ngligt landskap&#8221; \u00e5t alla drivs av Iris Media AB p\u00e5 uppdrag av Stockholms l\u00e4ns museer och Sveriges hembygdsf\u00f6rbund.<\/p>\n<p>Ljudguiderna \u00e4r producerade av\u00a0Magnus Johansson, Iris Media som \u00e4ven gjort research och manus. F\u00f6r fr\u00e5gor om produktionen av ljudguiderna kontakta <a href=\"mailto:ljudguider@irismedia.se\">ljudguider@irismedia.se<\/a>.<\/p>\n<p>F\u00f6r fr\u00e5gor om projektet &#8221;Tillg\u00e4ngligt landskap f\u00f6r alla&#8221;, kontakta\u00a0 museet@stockholmslansmuseum.se\u00a0 <a href=\"mailto:museet@stockholmslansmuseum.se\">museet@stockholmslansmuseum.se<\/a>.<\/p>\n\n  <\/div>\n<\/section>\n","protected":false},"excerpt":{"rendered":"","protected":false},"author":1,"featured_media":0,"parent":0,"menu_order":0,"comment_status":"open","ping_status":"open","template":"","meta":[],"acf":[],"_links":{"self":[{"href":"https:\/\/irismedia.se\/landskapetshistoria\/wp-json\/wp\/v2\/pages\/12"}],"collection":[{"href":"https:\/\/irismedia.se\/landskapetshistoria\/wp-json\/wp\/v2\/pages"}],"about":[{"href":"https:\/\/irismedia.se\/landskapetshistoria\/wp-json\/wp\/v2\/types\/page"}],"author":[{"embeddable":true,"href":"https:\/\/irismedia.se\/landskapetshistoria\/wp-json\/wp\/v2\/users\/1"}],"replies":[{"embeddable":true,"href":"https:\/\/irismedia.se\/landskapetshistoria\/wp-json\/wp\/v2\/comments?post=12"}],"version-history":[{"count":13,"href":"https:\/\/irismedia.se\/landskapetshistoria\/wp-json\/wp\/v2\/pages\/12\/revisions"}],"predecessor-version":[{"id":132,"href":"https:\/\/irismedia.se\/landskapetshistoria\/wp-json\/wp\/v2\/pages\/12\/revisions\/132"}],"wp:attachment":[{"href":"https:\/\/irismedia.se\/landskapetshistoria\/wp-json\/wp\/v2\/media?parent=12"}],"curies":[{"name":"wp","href":"https:\/\/api.w.org\/{rel}","templated":true}]}}