{"id":6,"date":"2013-03-01T12:27:24","date_gmt":"2013-03-01T12:27:24","guid":{"rendered":"http:\/\/irismedia.se\/brottby\/?page_id=2"},"modified":"2021-05-25T07:45:00","modified_gmt":"2021-05-25T05:45:00","slug":"sample-page","status":"publish","type":"page","link":"https:\/\/irismedia.se\/brottby\/","title":{"rendered":"V\u00e4lkommen till Brottby kulturmilj\u00f6"},"content":{"rendered":"\n<figure class=\"wp-block-image size-large\"><img decoding=\"async\" loading=\"lazy\" width=\"1024\" height=\"768\" src=\"https:\/\/irismedia.se\/brottby\/wp-content\/uploads\/sites\/7\/2021\/05\/Brottby-kvarn-liggande-bild-1024x768.jpg\" alt=\"\" class=\"wp-image-196\" srcset=\"https:\/\/irismedia.se\/brottby\/wp-content\/uploads\/sites\/7\/2021\/05\/Brottby-kvarn-liggande-bild-1024x768.jpg 1024w, https:\/\/irismedia.se\/brottby\/wp-content\/uploads\/sites\/7\/2021\/05\/Brottby-kvarn-liggande-bild-300x225.jpg 300w, https:\/\/irismedia.se\/brottby\/wp-content\/uploads\/sites\/7\/2021\/05\/Brottby-kvarn-liggande-bild-768x576.jpg 768w, https:\/\/irismedia.se\/brottby\/wp-content\/uploads\/sites\/7\/2021\/05\/Brottby-kvarn-liggande-bild-1536x1152.jpg 1536w, https:\/\/irismedia.se\/brottby\/wp-content\/uploads\/sites\/7\/2021\/05\/Brottby-kvarn-liggande-bild-2048x1536.jpg 2048w, https:\/\/irismedia.se\/brottby\/wp-content\/uploads\/sites\/7\/2021\/05\/Brottby-kvarn-liggande-bild-400x300.jpg 400w\" sizes=\"(max-width: 1024px) 100vw, 1024px\" \/><\/figure>\n\n\n<p>I Brottby ligger de historiska sev\u00e4rdheterna t\u00e4tt. P\u00e5 Kvarnbacken finns ett j\u00e4rn\u00e5ldersgravf\u00e4lt och en st\u00e5tlig gammal kvarn med tillh\u00f6rande kvarnstuga, och i n\u00e4rheten ligger \u00d6sseby kyrkoruin \u2014 en fantasieggande rest fr\u00e5n en svunnen tid. Alldeles intill j\u00e4rn\u00e5ldersgravf\u00e4ltet passerar L\u00e5nghundraleden \u2014 en ur\u00e5ldrig f\u00e4rdv\u00e4g som gick via \u00e5ar och sj\u00f6ar. P\u00e5 leden f\u00e4rdades man f\u00f6rr mellan \u00d6stersj\u00f6n och Uppsala.<\/p>\n<p>Ljudguiden tar dig med p\u00e5 en vandring genom tid och rum. Den l\u00e5ter dig tr\u00e4ffa n\u00e5gra av de m\u00e4nniskor som levde sina liv i Brottby, en g\u00e5ng f\u00f6r l\u00e4ngesen. M\u00f6t mj\u00f6lnaren och f\u00e5 reda p\u00e5 vad som kunde h\u00e4nda n\u00e4r det bl\u00e5ste upp till storm och kvarnen var ig\u00e5ng. H\u00f6r historien om hur \u00d6sseby kyrka blev en ruin. Och lyssna till tv\u00e5 personer som levde under en tid d\u00e5 folket i bygden fortfarande blotade till de gamla asagudarna.<\/p>\n<p><a href=\"http:\/\/irismedia.se\/brottby\/wp-content\/uploads\/sites\/7\/2013\/04\/h\u00f6gtalare-ny.jpg\"><img decoding=\"async\" loading=\"lazy\" class=\"alignleft size-full wp-image-71\" style=\"border: 0px none;\" title=\"h\u00f6gtalare-ny\" src=\"http:\/\/irismedia.se\/brottby\/wp-content\/uploads\/sites\/7\/2013\/04\/h\u00f6gtalare-ny.jpg\" alt=\"\" width=\"45\" height=\"42\"><\/a><\/p>\n<p><em><strong><br>Lyssna, och l\u00e5t dig f\u00f6rflyttas till en annan tid&#8230;<\/strong><\/em><\/p>\n<table border=\"0\" width=\"600\">\n<tbody>\n<tr>\n<td>\n<h4><strong>BER\u00c4TTELSER<\/strong><\/h4>\n<\/td>\n<td>\n<h4><strong>BER\u00c4TTELSER OCH SYNTOLKNING<\/strong><\/h4>\n<\/td>\n<\/tr>\n<tr>\n<td>\n<h4>1. V\u00e4lkommen<\/h4>\n<!--[if lt IE 9]><script>document.createElement('audio');<\/script><![endif]-->\n<audio class=\"wp-audio-shortcode\" id=\"audio-6-1\" preload=\"none\" style=\"width: 100%;\" controls=\"controls\"><source type=\"audio\/mpeg\" src=\"https:\/\/irismedia.se\/brottby\/wp-content\/uploads\/sites\/7\/2020\/11\/brottby-kulturmiljo-valkommen-02.mp3?_=1\" \/><a href=\"https:\/\/irismedia.se\/brottby\/wp-content\/uploads\/sites\/7\/2020\/11\/brottby-kulturmiljo-valkommen-02.mp3\">https:\/\/irismedia.se\/brottby\/wp-content\/uploads\/sites\/7\/2020\/11\/brottby-kulturmiljo-valkommen-02.mp3<\/a><\/audio>\n<\/td>\n<td>\n<h4>1. V\u00e4lkommen<\/h4>\n<audio class=\"wp-audio-shortcode\" id=\"audio-6-2\" preload=\"none\" style=\"width: 100%;\" controls=\"controls\"><source type=\"audio\/mpeg\" src=\"https:\/\/irismedia.se\/brottby\/wp-content\/uploads\/sites\/7\/2020\/11\/iris-1-audio-guides-AjRGdX6iKQkIM0bPtlaMXDYFz0U.mp3?_=2\" \/><a href=\"https:\/\/irismedia.se\/brottby\/wp-content\/uploads\/sites\/7\/2020\/11\/iris-1-audio-guides-AjRGdX6iKQkIM0bPtlaMXDYFz0U.mp3\">https:\/\/irismedia.se\/brottby\/wp-content\/uploads\/sites\/7\/2020\/11\/iris-1-audio-guides-AjRGdX6iKQkIM0bPtlaMXDYFz0U.mp3<\/a><\/audio>\n<\/td>\n<\/tr>\n<tr>\n<td>\n<h4>2. J\u00e4rn\u00e5ldersgravf\u00e4ltet<\/h4>\n<audio class=\"wp-audio-shortcode\" id=\"audio-6-3\" preload=\"none\" style=\"width: 100%;\" controls=\"controls\"><source type=\"audio\/mpeg\" src=\"https:\/\/irismedia.se\/brottby\/wp-content\/uploads\/sites\/7\/2020\/11\/brottby-kulturmiljo-jarnaldersgravfalt.mp3?_=3\" \/><a href=\"https:\/\/irismedia.se\/brottby\/wp-content\/uploads\/sites\/7\/2020\/11\/brottby-kulturmiljo-jarnaldersgravfalt.mp3\">https:\/\/irismedia.se\/brottby\/wp-content\/uploads\/sites\/7\/2020\/11\/brottby-kulturmiljo-jarnaldersgravfalt.mp3<\/a><\/audio>\n<\/td>\n<td>\n<h4>2. Lokalbussar &#8211; hitta hit<\/h4>\n<audio class=\"wp-audio-shortcode\" id=\"audio-6-4\" preload=\"none\" style=\"width: 100%;\" controls=\"controls\"><source type=\"audio\/mpeg\" src=\"https:\/\/irismedia.se\/brottby\/wp-content\/uploads\/sites\/7\/2020\/11\/brottby-kulturmiljo-hitta-hit.mp3?_=4\" \/><a href=\"https:\/\/irismedia.se\/brottby\/wp-content\/uploads\/sites\/7\/2020\/11\/brottby-kulturmiljo-hitta-hit.mp3\">https:\/\/irismedia.se\/brottby\/wp-content\/uploads\/sites\/7\/2020\/11\/brottby-kulturmiljo-hitta-hit.mp3<\/a><\/audio>\n<\/td>\n<\/tr>\n<tr>\n<td>\n<h4>3. Till kvarnen<\/h4>\n<audio class=\"wp-audio-shortcode\" id=\"audio-6-5\" preload=\"none\" style=\"width: 100%;\" controls=\"controls\"><source type=\"audio\/mpeg\" src=\"https:\/\/irismedia.se\/brottby\/wp-content\/uploads\/sites\/7\/2020\/11\/brottby-kulturmiljo-till-kvarnen.mp3?_=5\" \/><a href=\"https:\/\/irismedia.se\/brottby\/wp-content\/uploads\/sites\/7\/2020\/11\/brottby-kulturmiljo-till-kvarnen.mp3\">https:\/\/irismedia.se\/brottby\/wp-content\/uploads\/sites\/7\/2020\/11\/brottby-kulturmiljo-till-kvarnen.mp3<\/a><\/audio>\n<\/td>\n<td>\n<h4>3. V\u00e4gbeskrivning till gravf\u00e4ltet<\/h4>\n<audio class=\"wp-audio-shortcode\" id=\"audio-6-6\" preload=\"none\" style=\"width: 100%;\" controls=\"controls\"><source type=\"audio\/mpeg\" src=\"https:\/\/irismedia.se\/brottby\/wp-content\/uploads\/sites\/7\/2020\/11\/iris-1-audio-guides-aAaNL1MjItOVb8ZvHJ5cTi5eCt4.mp3?_=6\" \/><a href=\"https:\/\/irismedia.se\/brottby\/wp-content\/uploads\/sites\/7\/2020\/11\/iris-1-audio-guides-aAaNL1MjItOVb8ZvHJ5cTi5eCt4.mp3\">https:\/\/irismedia.se\/brottby\/wp-content\/uploads\/sites\/7\/2020\/11\/iris-1-audio-guides-aAaNL1MjItOVb8ZvHJ5cTi5eCt4.mp3<\/a><\/audio>\n<\/td>\n<\/tr>\n<tr>\n<td>\n<h4>4. Kvarnen<\/h4>\n<audio class=\"wp-audio-shortcode\" id=\"audio-6-7\" preload=\"none\" style=\"width: 100%;\" controls=\"controls\"><source type=\"audio\/mpeg\" src=\"https:\/\/irismedia.se\/brottby\/wp-content\/uploads\/sites\/7\/2020\/11\/iris-1-audio-guides-4ITM3z9FnMs9RRsEvD0DPt6rU0Q.mp3?_=7\" \/><a href=\"https:\/\/irismedia.se\/brottby\/wp-content\/uploads\/sites\/7\/2020\/11\/iris-1-audio-guides-4ITM3z9FnMs9RRsEvD0DPt6rU0Q.mp3\">https:\/\/irismedia.se\/brottby\/wp-content\/uploads\/sites\/7\/2020\/11\/iris-1-audio-guides-4ITM3z9FnMs9RRsEvD0DPt6rU0Q.mp3<\/a><\/audio>\n<\/td>\n<td>\n<h4>4. J\u00e4rn\u00e5ldersgravf\u00e4ltet<\/h4>\n<audio class=\"wp-audio-shortcode\" id=\"audio-6-8\" preload=\"none\" style=\"width: 100%;\" controls=\"controls\"><source type=\"audio\/mpeg\" src=\"https:\/\/irismedia.se\/brottby\/wp-content\/uploads\/sites\/7\/2020\/11\/iris-11-brottby-kulturmiljo-CahDwWsmfI7Xggq03Xjs3wdfUYv.mp3?_=8\" \/><a href=\"https:\/\/irismedia.se\/brottby\/wp-content\/uploads\/sites\/7\/2020\/11\/iris-11-brottby-kulturmiljo-CahDwWsmfI7Xggq03Xjs3wdfUYv.mp3\">https:\/\/irismedia.se\/brottby\/wp-content\/uploads\/sites\/7\/2020\/11\/iris-11-brottby-kulturmiljo-CahDwWsmfI7Xggq03Xjs3wdfUYv.mp3<\/a><\/audio>\n<\/td>\n<\/tr>\n<tr>\n<td>\n<h4>05 Till kvarnstugan<\/h4>\n<audio class=\"wp-audio-shortcode\" id=\"audio-6-9\" preload=\"none\" style=\"width: 100%;\" controls=\"controls\"><source type=\"audio\/mpeg\" src=\"https:\/\/irismedia.se\/brottby\/wp-content\/uploads\/sites\/7\/2020\/11\/brottby-kulturmiljo-till-kvarnstugan.mp3?_=9\" \/><a href=\"https:\/\/irismedia.se\/brottby\/wp-content\/uploads\/sites\/7\/2020\/11\/brottby-kulturmiljo-till-kvarnstugan.mp3\">https:\/\/irismedia.se\/brottby\/wp-content\/uploads\/sites\/7\/2020\/11\/brottby-kulturmiljo-till-kvarnstugan.mp3<\/a><\/audio>\n<\/td>\n<td>\n<h4>5. Syntolkning av gravf\u00e4ltet<\/h4>\n<audio class=\"wp-audio-shortcode\" id=\"audio-6-10\" preload=\"none\" style=\"width: 100%;\" controls=\"controls\"><source type=\"audio\/mpeg\" src=\"https:\/\/irismedia.se\/brottby\/wp-content\/uploads\/sites\/7\/2020\/11\/iris-1-audio-guides-O0uCUgaC38fymbSZZDwVhItOCZ5.mp3?_=10\" \/><a href=\"https:\/\/irismedia.se\/brottby\/wp-content\/uploads\/sites\/7\/2020\/11\/iris-1-audio-guides-O0uCUgaC38fymbSZZDwVhItOCZ5.mp3\">https:\/\/irismedia.se\/brottby\/wp-content\/uploads\/sites\/7\/2020\/11\/iris-1-audio-guides-O0uCUgaC38fymbSZZDwVhItOCZ5.mp3<\/a><\/audio>\n<\/td>\n<\/tr>\n<tr>\n<td>\n<h4>06 Kvarnstugan<\/h4>\n<audio class=\"wp-audio-shortcode\" id=\"audio-6-11\" preload=\"none\" style=\"width: 100%;\" controls=\"controls\"><source type=\"audio\/mpeg\" src=\"https:\/\/irismedia.se\/brottby\/wp-content\/uploads\/sites\/7\/2020\/11\/iris-1-audio-guides-Rl4rfDizVlpRXue7oLQOLzvyW9f.mp3?_=11\" \/><a href=\"https:\/\/irismedia.se\/brottby\/wp-content\/uploads\/sites\/7\/2020\/11\/iris-1-audio-guides-Rl4rfDizVlpRXue7oLQOLzvyW9f.mp3\">https:\/\/irismedia.se\/brottby\/wp-content\/uploads\/sites\/7\/2020\/11\/iris-1-audio-guides-Rl4rfDizVlpRXue7oLQOLzvyW9f.mp3<\/a><\/audio>\n<\/td>\n<td>\n<h4>6. Till kvarnen<\/h4>\n<audio class=\"wp-audio-shortcode\" id=\"audio-6-12\" preload=\"none\" style=\"width: 100%;\" controls=\"controls\"><source type=\"audio\/mpeg\" src=\"https:\/\/irismedia.se\/brottby\/wp-content\/uploads\/sites\/7\/2020\/11\/iris-1-audio-guides-VeWOoaxGrs2HLZzbPO9FRcIWh90.mp3?_=12\" \/><a href=\"https:\/\/irismedia.se\/brottby\/wp-content\/uploads\/sites\/7\/2020\/11\/iris-1-audio-guides-VeWOoaxGrs2HLZzbPO9FRcIWh90.mp3\">https:\/\/irismedia.se\/brottby\/wp-content\/uploads\/sites\/7\/2020\/11\/iris-1-audio-guides-VeWOoaxGrs2HLZzbPO9FRcIWh90.mp3<\/a><\/audio>\n<\/td>\n<\/tr>\n<tr>\n<td>\n<h4>07 Till \u00d6sseby kyrkoruin<\/h4>\n<audio class=\"wp-audio-shortcode\" id=\"audio-6-13\" preload=\"none\" style=\"width: 100%;\" controls=\"controls\"><source type=\"audio\/mpeg\" src=\"https:\/\/irismedia.se\/brottby\/wp-content\/uploads\/sites\/7\/2020\/11\/iris-1-audio-guides-Qjvd9MyFYsCapAGLyh9GgUNHyfO.mp3?_=13\" \/><a href=\"https:\/\/irismedia.se\/brottby\/wp-content\/uploads\/sites\/7\/2020\/11\/iris-1-audio-guides-Qjvd9MyFYsCapAGLyh9GgUNHyfO.mp3\">https:\/\/irismedia.se\/brottby\/wp-content\/uploads\/sites\/7\/2020\/11\/iris-1-audio-guides-Qjvd9MyFYsCapAGLyh9GgUNHyfO.mp3<\/a><\/audio>\n<\/td>\n<td>\n<h4>7. Kvarnen<\/h4>\n<audio class=\"wp-audio-shortcode\" id=\"audio-6-14\" preload=\"none\" style=\"width: 100%;\" controls=\"controls\"><source type=\"audio\/mpeg\" src=\"https:\/\/irismedia.se\/brottby\/wp-content\/uploads\/sites\/7\/2020\/11\/iris-1-audio-guides-POdRj52v5nmHO68QwkgvK0XZFqA.mp3?_=14\" \/><a href=\"https:\/\/irismedia.se\/brottby\/wp-content\/uploads\/sites\/7\/2020\/11\/iris-1-audio-guides-POdRj52v5nmHO68QwkgvK0XZFqA.mp3\">https:\/\/irismedia.se\/brottby\/wp-content\/uploads\/sites\/7\/2020\/11\/iris-1-audio-guides-POdRj52v5nmHO68QwkgvK0XZFqA.mp3<\/a><\/audio>\n<\/td>\n<\/tr>\n<tr>\n<td>\n<h4>08 \u00d6sseby kyrkoruin<\/h4>\n<audio class=\"wp-audio-shortcode\" id=\"audio-6-15\" preload=\"none\" style=\"width: 100%;\" controls=\"controls\"><source type=\"audio\/mpeg\" src=\"https:\/\/irismedia.se\/brottby\/wp-content\/uploads\/sites\/7\/2020\/11\/brottby-kulturmiljo-osseby-kyrka.mp3?_=15\" \/><a href=\"https:\/\/irismedia.se\/brottby\/wp-content\/uploads\/sites\/7\/2020\/11\/brottby-kulturmiljo-osseby-kyrka.mp3\">https:\/\/irismedia.se\/brottby\/wp-content\/uploads\/sites\/7\/2020\/11\/brottby-kulturmiljo-osseby-kyrka.mp3<\/a><\/audio>\n<\/td>\n<td>\n<h4>8. Syntolkning av kvarnen<\/h4>\n<audio class=\"wp-audio-shortcode\" id=\"audio-6-16\" preload=\"none\" style=\"width: 100%;\" controls=\"controls\"><source type=\"audio\/mpeg\" src=\"https:\/\/irismedia.se\/brottby\/wp-content\/uploads\/sites\/7\/2020\/11\/iris-1-audio-guides-7g6oaVZSp2E4JwNnHhATbo9DN2U.mp3?_=16\" \/><a href=\"https:\/\/irismedia.se\/brottby\/wp-content\/uploads\/sites\/7\/2020\/11\/iris-1-audio-guides-7g6oaVZSp2E4JwNnHhATbo9DN2U.mp3\">https:\/\/irismedia.se\/brottby\/wp-content\/uploads\/sites\/7\/2020\/11\/iris-1-audio-guides-7g6oaVZSp2E4JwNnHhATbo9DN2U.mp3<\/a><\/audio>\n<\/td>\n<\/tr>\n<tr>\n<td>\n<h4>09 Till sist<\/h4>\n<audio class=\"wp-audio-shortcode\" id=\"audio-6-17\" preload=\"none\" style=\"width: 100%;\" controls=\"controls\"><source type=\"audio\/mpeg\" src=\"https:\/\/irismedia.se\/brottby\/wp-content\/uploads\/sites\/7\/2020\/11\/brottby-kulturmiljo-till-sist.mp3?_=17\" \/><a href=\"https:\/\/irismedia.se\/brottby\/wp-content\/uploads\/sites\/7\/2020\/11\/brottby-kulturmiljo-till-sist.mp3\">https:\/\/irismedia.se\/brottby\/wp-content\/uploads\/sites\/7\/2020\/11\/brottby-kulturmiljo-till-sist.mp3<\/a><\/audio>\n<\/td>\n<td>\n<h4>9. Till kvarnstugan<\/h4>\n<audio class=\"wp-audio-shortcode\" id=\"audio-6-18\" preload=\"none\" style=\"width: 100%;\" controls=\"controls\"><source type=\"audio\/mpeg\" src=\"https:\/\/irismedia.se\/brottby\/wp-content\/uploads\/sites\/7\/2020\/11\/iris-1-audio-guides-EYociVSRiMDgQ8ENPGNN7fGje95.mp3?_=18\" \/><a href=\"https:\/\/irismedia.se\/brottby\/wp-content\/uploads\/sites\/7\/2020\/11\/iris-1-audio-guides-EYociVSRiMDgQ8ENPGNN7fGje95.mp3\">https:\/\/irismedia.se\/brottby\/wp-content\/uploads\/sites\/7\/2020\/11\/iris-1-audio-guides-EYociVSRiMDgQ8ENPGNN7fGje95.mp3<\/a><\/audio>\n<\/td>\n<\/tr>\n<tr>\n<td>&nbsp;<\/td>\n<td>\n<h4>10. Kvarnstugan<\/h4>\n<audio class=\"wp-audio-shortcode\" id=\"audio-6-19\" preload=\"none\" style=\"width: 100%;\" controls=\"controls\"><source type=\"audio\/mpeg\" src=\"https:\/\/irismedia.se\/brottby\/wp-content\/uploads\/sites\/7\/2020\/11\/iris-1-audio-guides-Rl4rfDizVlpRXue7oLQOLzvyW9f-1.mp3?_=19\" \/><a href=\"https:\/\/irismedia.se\/brottby\/wp-content\/uploads\/sites\/7\/2020\/11\/iris-1-audio-guides-Rl4rfDizVlpRXue7oLQOLzvyW9f-1.mp3\">https:\/\/irismedia.se\/brottby\/wp-content\/uploads\/sites\/7\/2020\/11\/iris-1-audio-guides-Rl4rfDizVlpRXue7oLQOLzvyW9f-1.mp3<\/a><\/audio>\n<\/td>\n<\/tr>\n<tr>\n<td>&nbsp;<\/td>\n<td>\n<h4>11. Syntolkning av kvarnstugan<\/h4>\n<audio class=\"wp-audio-shortcode\" id=\"audio-6-20\" preload=\"none\" style=\"width: 100%;\" controls=\"controls\"><source type=\"audio\/mpeg\" src=\"https:\/\/irismedia.se\/brottby\/wp-content\/uploads\/sites\/7\/2020\/11\/iris-1-audio-guides-VZFICRMtwvM6cU4uihWznfozQRM.mp3?_=20\" \/><a href=\"https:\/\/irismedia.se\/brottby\/wp-content\/uploads\/sites\/7\/2020\/11\/iris-1-audio-guides-VZFICRMtwvM6cU4uihWznfozQRM.mp3\">https:\/\/irismedia.se\/brottby\/wp-content\/uploads\/sites\/7\/2020\/11\/iris-1-audio-guides-VZFICRMtwvM6cU4uihWznfozQRM.mp3<\/a><\/audio>\n<\/td>\n<\/tr>\n<tr>\n<td>&nbsp;<\/td>\n<td>\n<h4>12. Till \u00d6sseby kyrkoruin<\/h4>\n<audio class=\"wp-audio-shortcode\" id=\"audio-6-21\" preload=\"none\" style=\"width: 100%;\" controls=\"controls\"><source type=\"audio\/mpeg\" src=\"https:\/\/irismedia.se\/brottby\/wp-content\/uploads\/sites\/7\/2020\/11\/iris-1-audio-guides-NsCQXEVndPUfZUVvMTZWBAyEPwP.mp3?_=21\" \/><a href=\"https:\/\/irismedia.se\/brottby\/wp-content\/uploads\/sites\/7\/2020\/11\/iris-1-audio-guides-NsCQXEVndPUfZUVvMTZWBAyEPwP.mp3\">https:\/\/irismedia.se\/brottby\/wp-content\/uploads\/sites\/7\/2020\/11\/iris-1-audio-guides-NsCQXEVndPUfZUVvMTZWBAyEPwP.mp3<\/a><\/audio>\n<\/td>\n<\/tr>\n<tr>\n<td>&nbsp;<\/td>\n<td>\n<h4>13. \u00d6sseby kyrkoruin<\/h4>\n<audio class=\"wp-audio-shortcode\" id=\"audio-6-22\" preload=\"none\" style=\"width: 100%;\" controls=\"controls\"><source type=\"audio\/mpeg\" src=\"https:\/\/irismedia.se\/brottby\/wp-content\/uploads\/sites\/7\/2020\/11\/iris-1-audio-guides-HqOZfjXq2F0lUHDTHW8MyLKxChf.mp3?_=22\" \/><a href=\"https:\/\/irismedia.se\/brottby\/wp-content\/uploads\/sites\/7\/2020\/11\/iris-1-audio-guides-HqOZfjXq2F0lUHDTHW8MyLKxChf.mp3\">https:\/\/irismedia.se\/brottby\/wp-content\/uploads\/sites\/7\/2020\/11\/iris-1-audio-guides-HqOZfjXq2F0lUHDTHW8MyLKxChf.mp3<\/a><\/audio>\n<\/td>\n<\/tr>\n<tr>\n<td>&nbsp;<\/td>\n<td>\n<h4>14. Syntolkning av \u00d6sseby kyrkoruin<\/h4>\n<audio class=\"wp-audio-shortcode\" id=\"audio-6-23\" preload=\"none\" style=\"width: 100%;\" controls=\"controls\"><source type=\"audio\/mpeg\" src=\"https:\/\/irismedia.se\/brottby\/wp-content\/uploads\/sites\/7\/2020\/11\/iris-1-audio-guides-61s2hfFUycoOhoslnjAyaqrXkei.mp3?_=23\" \/><a href=\"https:\/\/irismedia.se\/brottby\/wp-content\/uploads\/sites\/7\/2020\/11\/iris-1-audio-guides-61s2hfFUycoOhoslnjAyaqrXkei.mp3\">https:\/\/irismedia.se\/brottby\/wp-content\/uploads\/sites\/7\/2020\/11\/iris-1-audio-guides-61s2hfFUycoOhoslnjAyaqrXkei.mp3<\/a><\/audio>\n<\/td>\n<\/tr>\n<\/tbody>\n<\/table>","protected":false},"excerpt":{"rendered":"<p>I Brottby ligger de historiska sev\u00e4rdheterna t\u00e4tt. P\u00e5 Kvarnbacken finns ett j\u00e4rn\u00e5ldersgravf\u00e4lt och en st\u00e5tlig gammal kvarn med tillh\u00f6rande kvarnstuga, och i n\u00e4rheten ligger \u00d6sseby kyrkoruin \u2014 en fantasieggande rest fr\u00e5n en svunnen tid. Alldeles intill j\u00e4rn\u00e5ldersgravf\u00e4ltet passerar L\u00e5nghundraleden \u2014 &hellip; <a href=\"https:\/\/irismedia.se\/brottby\/\">L\u00e4s mer <span class=\"meta-nav\">&rarr;<\/span><\/a><\/p>\n","protected":false},"author":2,"featured_media":0,"parent":0,"menu_order":0,"comment_status":"closed","ping_status":"closed","template":"sidebar-page.php","meta":[],"_links":{"self":[{"href":"https:\/\/irismedia.se\/brottby\/wp-json\/wp\/v2\/pages\/6"}],"collection":[{"href":"https:\/\/irismedia.se\/brottby\/wp-json\/wp\/v2\/pages"}],"about":[{"href":"https:\/\/irismedia.se\/brottby\/wp-json\/wp\/v2\/types\/page"}],"author":[{"embeddable":true,"href":"https:\/\/irismedia.se\/brottby\/wp-json\/wp\/v2\/users\/2"}],"replies":[{"embeddable":true,"href":"https:\/\/irismedia.se\/brottby\/wp-json\/wp\/v2\/comments?post=6"}],"version-history":[{"count":50,"href":"https:\/\/irismedia.se\/brottby\/wp-json\/wp\/v2\/pages\/6\/revisions"}],"predecessor-version":[{"id":197,"href":"https:\/\/irismedia.se\/brottby\/wp-json\/wp\/v2\/pages\/6\/revisions\/197"}],"wp:attachment":[{"href":"https:\/\/irismedia.se\/brottby\/wp-json\/wp\/v2\/media?parent=6"}],"curies":[{"name":"wp","href":"https:\/\/api.w.org\/{rel}","templated":true}]}}